{"id":152,"date":"2020-04-14T16:59:23","date_gmt":"2020-04-14T19:59:23","guid":{"rendered":"http:\/\/marcasitehost.com.br\/saneamento-basico\/?page_id=152"},"modified":"2022-07-19T12:30:54","modified_gmt":"2022-07-19T15:30:54","slug":"praia-grande","status":"publish","type":"page","link":"https:\/\/www.maramar.org.br\/saneamento\/praia-grande\/","title":{"rendered":"Praia Grande"},"content":{"rendered":"\n<p class=\"has-text-align-center\">De acordo com o Plano Diretor de Praia Grande, n\u00e3o existe \u00e1rea considerada rural no munic\u00edpio, apenas Zonas Especiais de Interesse Social (ZEIS), que diz respeito a \u00e1reas com moradias irregulares, visando a regulariza\u00e7\u00e3o f\u00edsica, urban\u00edstica e fundi\u00e1ria dos assentamentos.<\/p>\n\n\n\n<figure class=\"wp-block-image size-large\"><img loading=\"lazy\" width=\"573\" height=\"354\" src=\"https:\/\/www.maramar.org.br\/saneamento\/wp-content\/uploads\/2022\/07\/atendimento-PG-2.png\" alt=\"\" class=\"wp-image-1116\" srcset=\"https:\/\/www.maramar.org.br\/saneamento\/wp-content\/uploads\/2022\/07\/atendimento-PG-2.png 573w, https:\/\/www.maramar.org.br\/saneamento\/wp-content\/uploads\/2022\/07\/atendimento-PG-2-300x185.png 300w\" sizes=\"(max-width: 573px) 100vw, 573px\" \/><\/figure>\n\n\n\n<p id=\"block-6105f70d-f35f-445b-a498-9d31004ec721\">Segundo o Plano de Saneamento B\u00e1sico Municipal, essas \u00e1reas s\u00e3o integralmente atendidas pelos servi\u00e7os de distribui\u00e7\u00e3o p\u00fablica de \u00e1gua.<\/p>\n","protected":false},"excerpt":{"rendered":"<p>De acordo com o Plano Diretor de Praia Grande, n\u00e3o existe \u00e1rea considerada rural no munic\u00edpio, apenas Zonas Especiais de Interesse Social (ZEIS), que diz respeito a \u00e1reas com moradias irregulares, visando a regulariza\u00e7\u00e3o f\u00edsica, urban\u00edstica e fundi\u00e1ria dos assentamentos. Segundo o Plano de Saneamento B\u00e1sico Municipal, essas \u00e1reas s\u00e3o integralmente atendidas pelos servi\u00e7os de [&hellip;]<\/p>\n","protected":false},"author":1,"featured_media":0,"parent":0,"menu_order":0,"comment_status":"closed","ping_status":"closed","template":"page-city.php","meta":[],"_links":{"self":[{"href":"https:\/\/www.maramar.org.br\/saneamento\/wp-json\/wp\/v2\/pages\/152"}],"collection":[{"href":"https:\/\/www.maramar.org.br\/saneamento\/wp-json\/wp\/v2\/pages"}],"about":[{"href":"https:\/\/www.maramar.org.br\/saneamento\/wp-json\/wp\/v2\/types\/page"}],"author":[{"embeddable":true,"href":"https:\/\/www.maramar.org.br\/saneamento\/wp-json\/wp\/v2\/users\/1"}],"replies":[{"embeddable":true,"href":"https:\/\/www.maramar.org.br\/saneamento\/wp-json\/wp\/v2\/comments?post=152"}],"version-history":[{"count":12,"href":"https:\/\/www.maramar.org.br\/saneamento\/wp-json\/wp\/v2\/pages\/152\/revisions"}],"predecessor-version":[{"id":1118,"href":"https:\/\/www.maramar.org.br\/saneamento\/wp-json\/wp\/v2\/pages\/152\/revisions\/1118"}],"wp:attachment":[{"href":"https:\/\/www.maramar.org.br\/saneamento\/wp-json\/wp\/v2\/media?parent=152"}],"curies":[{"name":"wp","href":"https:\/\/api.w.org\/{rel}","templated":true}]}}